{"id":27,"date":"2024-03-08T08:16:15","date_gmt":"2024-03-08T08:16:15","guid":{"rendered":"http:\/\/autoskola-igorriska.sk\/wp\/?page_id=27"},"modified":"2024-03-08T08:16:15","modified_gmt":"2024-03-08T08:16:15","slug":"na-stiahnutie","status":"publish","type":"page","link":"https:\/\/autoskola-igorriska.sk\/wp\/na-stiahnutie\/","title":{"rendered":"Na stiahnutie"},"content":{"rendered":"\n<p class=\"has-text-align-center\">Pre za\u010datie procesu z\u00edskavania vodi\u010dsk\u00e9ho opr\u00e1vnenia si m\u00f4\u017eete stiahnu\u0165 na\u0161u ofici\u00e1lnu \u017eiados\u0165. Pros\u00edm, vypl\u0148te ju s presn\u00fdmi a pravdiv\u00fdmi \u00fadajmi a prineste ju so sebou na na\u0161u auto\u0161kolu. Na\u0161i pracovn\u00edci v\u00e1m radi pom\u00f4\u017eu s ak\u00fdmiko\u013evek dodato\u010dn\u00fdmi ot\u00e1zkami. Je nevyhnutn\u00e9 absolvova\u0165 lek\u00e1rsku prehliadku pred z\u00edskan\u00edm vodi\u010dsk\u00e9ho opr\u00e1vnenia.<\/p>\n\n\n\n<div data-wp-interactive=\"core\/file\" class=\"wp-block-file\"><object data-wp-bind--hidden=\"!state.hasPdfPreview\" hidden class=\"wp-block-file__embed\" data=\"https:\/\/autoskola-igorriska.sk\/wp\/wp-content\/uploads\/2024\/03\/ziadost-o-udelenie-VO.pdf\" type=\"application\/pdf\" style=\"width:100%;height:600px\" aria-label=\"Vlo\u017ei\u0165 ziadost-o-udelenie-VO.\"><\/object><a id=\"wp-block-file--media-17b49ac5-6729-426a-b187-b00248c4b848\" href=\"https:\/\/autoskola-igorriska.sk\/wp\/wp-content\/uploads\/2024\/03\/ziadost-o-udelenie-VO.pdf\">ziadost-o-udelenie-VO<\/a><a href=\"https:\/\/autoskola-igorriska.sk\/wp\/wp-content\/uploads\/2024\/03\/ziadost-o-udelenie-VO.pdf\" class=\"wp-block-file__button wp-element-button\" download aria-describedby=\"wp-block-file--media-17b49ac5-6729-426a-b187-b00248c4b848\">Stiahnu\u0165<\/a><\/div>\n","protected":false},"excerpt":{"rendered":"<p>Pre za\u010datie procesu z\u00edskavania vodi\u010dsk\u00e9ho opr\u00e1vnenia si m\u00f4\u017eete stiahnu\u0165 na\u0161u ofici\u00e1lnu \u017eiados\u0165. Pros\u00edm, vypl\u0148te ju s presn\u00fdmi a pravdiv\u00fdmi \u00fadajmi a prineste ju so sebou na na\u0161u auto\u0161kolu. Na\u0161i pracovn\u00edci v\u00e1m radi pom\u00f4\u017eu s ak\u00fdmiko\u013evek dodato\u010dn\u00fdmi ot\u00e1zkami. Je nevyhnutn\u00e9 absolvova\u0165 lek\u00e1rsku prehliadku pred z\u00edskan\u00edm vodi\u010dsk\u00e9ho opr\u00e1vnenia.<\/p>\n","protected":false},"author":2,"featured_media":0,"parent":0,"menu_order":0,"comment_status":"closed","ping_status":"closed","template":"","meta":{"footnotes":""},"class_list":["post-27","page","type-page","status-publish","hentry"],"_links":{"self":[{"href":"https:\/\/autoskola-igorriska.sk\/wp\/wp-json\/wp\/v2\/pages\/27","targetHints":{"allow":["GET"]}}],"collection":[{"href":"https:\/\/autoskola-igorriska.sk\/wp\/wp-json\/wp\/v2\/pages"}],"about":[{"href":"https:\/\/autoskola-igorriska.sk\/wp\/wp-json\/wp\/v2\/types\/page"}],"author":[{"embeddable":true,"href":"https:\/\/autoskola-igorriska.sk\/wp\/wp-json\/wp\/v2\/users\/2"}],"replies":[{"embeddable":true,"href":"https:\/\/autoskola-igorriska.sk\/wp\/wp-json\/wp\/v2\/comments?post=27"}],"version-history":[{"count":1,"href":"https:\/\/autoskola-igorriska.sk\/wp\/wp-json\/wp\/v2\/pages\/27\/revisions"}],"predecessor-version":[{"id":29,"href":"https:\/\/autoskola-igorriska.sk\/wp\/wp-json\/wp\/v2\/pages\/27\/revisions\/29"}],"wp:attachment":[{"href":"https:\/\/autoskola-igorriska.sk\/wp\/wp-json\/wp\/v2\/media?parent=27"}],"curies":[{"name":"wp","href":"https:\/\/api.w.org\/{rel}","templated":true}]}}